{"id":20272,"date":"2025-05-07T12:46:57","date_gmt":"2025-05-07T12:46:57","guid":{"rendered":"https:\/\/www.nicolehoyt.com\/?post_type=product&#038;p=20272"},"modified":"2025-05-07T12:46:57","modified_gmt":"2025-05-07T12:46:57","slug":"fjallraven-unisex-kanken-laptop-17-sports-backpack-pack-of-1-navy","status":"publish","type":"product","link":"https:\/\/www.nicolehoyt.com\/index.php\/product\/fjallraven-unisex-kanken-laptop-17-sports-backpack-pack-of-1-navy\/","title":{"rendered":"Fj\u00e4llr\u00e4ven Unisex K\u00e5nken Laptop 17&#8243; Sports backpack (pack of 1) Navy"},"content":{"rendered":"<div class=\"a-fixed-left-grid product-facts-detail\">\n<div class=\"a-fixed-left-grid-inner\">\n<div class=\"a-fixed-left-grid-col a-col-left\"><span class=\"a-color-base\">Material composition: <\/span><span class=\"a-color-base\">Outer: 100% Vinyl; Interior: 100% Polyamide.<\/span><\/div>\n<\/div>\n<\/div>\n<div class=\"a-fixed-left-grid product-facts-detail\">\n<div class=\"a-fixed-left-grid-inner\">\n<div class=\"a-fixed-left-grid-col a-col-left\"><span class=\"a-color-base\">Care instructions: <\/span><span class=\"a-color-base\">Machine Wash.<\/span><\/div>\n<div>\n<ul class=\"a-unordered-list a-vertical a-spacing-small\">\n<li><span class=\"a-list-item a-size-base a-color-base\">A padded compartment protects your 17&#8243; laptop.<\/span><\/li>\n<li><span class=\"a-list-item a-size-base a-color-base\">Reflective logo patch and front\/side pockets.<\/span><\/li>\n<\/ul>\n<\/div>\n<\/div>\n<\/div>\n","protected":false},"excerpt":{"rendered":"<div class=\"a-fixed-left-grid product-facts-detail\">\n<div class=\"a-fixed-left-grid-inner\">\n<div class=\"a-fixed-left-grid-col a-col-left\"><span class=\"a-color-base\">Material composition: <\/span><span class=\"a-color-base\">Outer: 100% Vinyl; Interior: 100% Polyamide.<\/span><\/div>\n<\/div>\n<\/div>\n<div class=\"a-fixed-left-grid product-facts-detail\">\n<div class=\"a-fixed-left-grid-inner\">\n<div class=\"a-fixed-left-grid-col a-col-left\"><span class=\"a-color-base\">Care instructions: <\/span><span class=\"a-color-base\">Machine Wash.<\/span><\/div>\n<div>\n<ul class=\"a-unordered-list a-vertical a-spacing-small\">\n<li><span class=\"a-list-item a-size-base a-color-base\">A padded compartment protects your 17&#8243; laptop.<\/span><\/li>\n<li><span class=\"a-list-item a-size-base a-color-base\">Reflective logo patch and front\/side pockets.<\/span><\/li>\n<\/ul>\n<\/div>\n<\/div>\n<\/div>\n","protected":false},"featured_media":20273,"comment_status":"open","ping_status":"closed","template":"","meta":{"iawp_total_views":1113},"product_brand":[],"product_cat":[397],"product_tag":[],"class_list":{"0":"post-20272","1":"product","2":"type-product","3":"status-publish","4":"has-post-thumbnail","6":"product_cat-backpacks-luggage-travel-gear-clothing-shoes-jewelry","8":"first","9":"instock","10":"sale","11":"shipping-taxable","12":"purchasable","13":"product-type-simple"},"jetpack_sharing_enabled":true,"_links":{"self":[{"href":"https:\/\/www.nicolehoyt.com\/index.php\/wp-json\/wp\/v2\/product\/20272","targetHints":{"allow":["GET"]}}],"collection":[{"href":"https:\/\/www.nicolehoyt.com\/index.php\/wp-json\/wp\/v2\/product"}],"about":[{"href":"https:\/\/www.nicolehoyt.com\/index.php\/wp-json\/wp\/v2\/types\/product"}],"replies":[{"embeddable":true,"href":"https:\/\/www.nicolehoyt.com\/index.php\/wp-json\/wp\/v2\/comments?post=20272"}],"wp:featuredmedia":[{"embeddable":true,"href":"https:\/\/www.nicolehoyt.com\/index.php\/wp-json\/wp\/v2\/media\/20273"}],"wp:attachment":[{"href":"https:\/\/www.nicolehoyt.com\/index.php\/wp-json\/wp\/v2\/media?parent=20272"}],"wp:term":[{"taxonomy":"product_brand","embeddable":true,"href":"https:\/\/www.nicolehoyt.com\/index.php\/wp-json\/wp\/v2\/product_brand?post=20272"},{"taxonomy":"product_cat","embeddable":true,"href":"https:\/\/www.nicolehoyt.com\/index.php\/wp-json\/wp\/v2\/product_cat?post=20272"},{"taxonomy":"product_tag","embeddable":true,"href":"https:\/\/www.nicolehoyt.com\/index.php\/wp-json\/wp\/v2\/product_tag?post=20272"}],"curies":[{"name":"wp","href":"https:\/\/api.w.org\/{rel}","templated":true}]}}